{"id":3,"date":"2022-03-23T15:31:42","date_gmt":"2022-03-23T15:31:42","guid":{"rendered":"https:\/\/jcstable.it\/?page_id=3"},"modified":"2022-11-17T14:06:54","modified_gmt":"2022-11-17T14:06:54","slug":"privacy-policy","status":"publish","type":"page","link":"https:\/\/jcstable.it\/index.php\/privacy-policy\/","title":{"rendered":"Privacy Policy"},"content":{"rendered":"<p>[et_pb_section fb_built=&#8221;1&#8243; admin_label=&#8221;About Section&#8221; _builder_version=&#8221;4.18.0&#8243; background_color=&#8221;#ffffff&#8221; custom_padding=&#8221;80px|0px|80px|0px|true|false&#8221; top_divider_color=&#8221;#4D5353&#8243; bottom_divider_color=&#8221;#4D5353&#8243; global_colors_info=&#8221;{}&#8221;][et_pb_row _builder_version=&#8221;4.16&#8243; global_colors_info=&#8221;{}&#8221;][et_pb_column type=&#8221;4_4&#8243; _builder_version=&#8221;4.16&#8243; custom_padding=&#8221;|||&#8221; global_colors_info=&#8221;{}&#8221; custom_padding__hover=&#8221;|||&#8221;][et_pb_text _builder_version=&#8221;4.18.0&#8243; text_font_size=&#8221;18px&#8221; link_font=&#8221;||||||||&#8221; ul_font=&#8221;||||||||&#8221; ol_font=&#8221;||||||||&#8221; quote_font=&#8221;||||||||&#8221; header_font=&#8221;||||||||&#8221; header_2_font=&#8221;||||||||&#8221; header_3_font=&#8221;Oswald|||on|||||&#8221; header_3_letter_spacing=&#8221;5px&#8221; header_4_font=&#8221;||||||||&#8221; width=&#8221;100%&#8221; hover_enabled=&#8221;0&#8243; text_line_height_last_edited=&#8221;off|desktop&#8221; global_colors_info=&#8221;{}&#8221; sticky_enabled=&#8221;0&#8243;]<\/p>\n<h1 class=\"p1\"><b>Informativa privacy\u00a0<\/b><\/h1>\n<p class=\"p2\">Questo documento \u00e8 stato redatto ai sensi dell\u2019art. 13 del Regolamento UE 2016\/679 (di seguito: \u201c<b>Regolamento<\/b>\u201c) al fine di permetterti di conoscere la nostra politica sulla privacy, per capire come le tue informazioni personali vengono gestite quando utilizzi il nostro sito (di seguito \u201c<b>Sito<\/b>\u201c) e, ove necessario, di prestare un consenso al trattamento dei tuoi dati personali espresso e consapevole.<br \/>Le informazioni ed i dati da te forniti od altrimenti acquisiti nell\u2019ambito dell\u2019utilizzo dei servizi connessi al nostro sito di seguito \u201c<b>Servizi<\/b>\u201c), saranno oggetto di trattamento nel rispetto delle disposizioni del Regolamento e degli obblighi di riservatezza che ispirano la nostra attivit\u00e0.<\/p>\n<p class=\"p2\">Secondo le norme del Regolamento, i trattamenti effettuati saranno improntati ai principi di liceit\u00e0, correttezza, trasparenza, limitazione delle finalit\u00e0 e della conservazione, minimizzazione dei dati, esattezza, integrit\u00e0 e riservatezza.<\/p>\n<h5 class=\"p2\"><b>1. Chi \u00e8 il Titolare del trattamento dei tuoi dati personali?<\/b><\/h5>\n<p class=\"p2\">Le finalit\u00e0 ed i mezzi del trattamento sono decisi da Cristian Giovanni Spasiano, il quale opera in qualit\u00e0 di titolare del trattamento (di seguito \u201c<b>Titolare<\/b>\u201c) ai sensi dell\u2019articolo 26 del Regolamento.<\/p>\n<h5 class=\"p2\"><b>2. Cosa si intende per dato personale e quali dati trattiamo?<\/b><\/h5>\n<p class=\"p2\">Per \u201cDato personale\u201d si intende ogni informazione idonea a identificare, direttamente o indirettamente, una persona fisica, ed in questo caso Tu che utilizzi il nostro Sito.<\/p>\n<p class=\"p2\">In particolare, raccogliamo e trattiamo i tuoi dati personali necessari per l\u2019erogazione dei servizi richiesti, quali:<\/p>\n<ul class=\"ul1\">\n<li class=\"li2\"><span class=\"s1\"><\/span>dati di navigazione;<\/li>\n<li class=\"li2\"><span class=\"s1\"><\/span>dati di contatto (nome, cognome, numero di telefono ed email).<\/li>\n<\/ul>\n<p class=\"p2\">Raccogliamo, inoltre, i tuoi dati tramite cookies. I cookies sono dei piccoli files di dati che vengono memorizzati nel computer quando si accede ad un sito o a parti di questo. I Cookies ci permettono di garantire l\u2019operativit\u00e0 del Sito e di raccogliere informazioni statistiche e anonime sul suo utilizzo. \u00c8 possibile rifiutarsi di ricevere i cookies selezionando l\u2019impostazione appropriata sul proprio browser, ma ci\u00f2 potrebbe impedire l\u2019utilizzo integrale delle funzionalit\u00e0 del Sito. Per maggiori informazioni inerenti al nostro utilizzo dei cookies ti invitiamo a consultare la nostra cookie policy.<\/p>\n<h5 class=\"p2\"><b>3. Perch\u00e9 trattiamo i tuoi dati personali?<\/b><\/h5>\n<p class=\"p2\">Innanzitutto, raccogliamo e trattiamo i dati personali che ti riguardano e che sono strettamente necessari per dare seguito alle tue richieste e ai servizi da te sottoscritti. In particolare:<\/p>\n<ul class=\"ul1\">\n<li class=\"li2\"><span class=\"s1\"><\/span>rispondere a richieste di assistenza, di informazioni o di prenotazioni tramite email o numero di telefono.<\/li>\n<\/ul>\n<p class=\"p2\">In ogni caso, ci impegniamo ad assicurare che le informazioni raccolte e utilizzate siano appropriate rispetto alle finalit\u00e0 descritte, e che ci\u00f2 non determini un\u2019invasione della tua sfera personale.<\/p>\n<h5 class=\"p2\"><b>4. Sulla base di quale condizione di liceit\u00e0 trattiamo i tuoi dati personali?<\/b><\/h5>\n<p class=\"p2\">La condizione di liceit\u00e0 del trattamento di dati personali per le finalit\u00e0 di cui alla sezione 4(a) \u00e8 l\u2019art. 6(1)(b) in quanto i trattamenti sono necessari all\u2019erogazione dei Servizi e per il riscontro di richieste dell\u2019interessato. In particolare, il conferimento dei dati personali per queste finalit\u00e0 \u00e8 facoltativo, ma l\u2019eventuale mancato conferimento comporterebbe l\u2019impossibilit\u00e0 di attivare i Servizi forniti dal Sito.<\/p>\n<p class=\"p2\">La finalit\u00e0 di cui alla sezione 4(d) rappresenta un trattamento legittimo di dati personali ai sensi dell\u2019art. 6(1)(c) del Regolamento. Una volta conferiti i dati personali, il trattamento \u00e8 invero necessario per adempiere ad un obbligo di legge a cui potremmo essere soggetti.<\/p>\n<h5 class=\"p2\"><b>5. Come trattiamo i tuoi dati?<\/b><\/h5>\n<p class=\"p2\">I tuoi dati personali potranno essere trattati mediante elaborazioni manuali o strumenti elettronici o comunque automatici, secondo logiche strettamente correlate alle finalit\u00e0 stesse o comunque in modo da garantire la riservatezza e la sicurezza dei Dati Personali (con particolare riguardo al caso di utilizzo di tecniche di comunicazione a distanza).<\/p>\n<h5 class=\"p2\"><b>6. A chi comunichiamo i tuoi dati?<\/b><\/h5>\n<p class=\"p2\">I tuoi Dati Personali potranno essere condivisi, per le finalit\u00e0 di cui alla sezione 3 pi\u00f9 sopra, con:<\/p>\n<ul class=\"ul1\">\n<li class=\"li2\"><span class=\"s1\"><\/span>soggetti che agiscono tipicamente in qualit\u00e0 di responsabili esterni del trattamento previa nostra nomina, ossia: i) persone, societ\u00e0 o studi professionali che prestano attivit\u00e0 di assistenza e consulenza in materia contabile, amministrativa, legale, tributaria, finanziaria relativamente alla erogazione dei Servizi; ii) soggetti con i quali sia necessario interagire per l\u2019erogazione dei Servizi (ad esempio gli hosting provider) iii) ovvero soggetti delegati a svolgere attivit\u00e0 di manutenzione tecnica (inclusa la manutenzione degli apparati di rete e delle reti di comunicazione elettronica);<\/li>\n<li class=\"li2\"><span class=\"s1\"><\/span>soggetti, enti od autorit\u00e0 a cui sia obbligatorio comunicare i tuoi dati personali in forza di disposizioni di legge o di ordini delle autorit\u00e0;<\/li>\n<li class=\"li2\"><span class=\"s1\"><\/span>soggetti che collaborano con Cristian Giovanni Spasiano;<\/li>\n<li class=\"li2\"><span class=\"s1\"><\/span>persone autorizzate al trattamento di Dati Personali, necessario a svolgere attivit\u00e0 strettamente correlate all\u2019erogazione dei Servizi, che si siano impegnate alla riservatezza o abbiano un adeguato obbligo legale di riservatezza (es. collaboratori del Titolare).<\/li>\n<\/ul>\n<h5 class=\"p2\"><b>7. Dove trasferiamo i tuoi dati?<\/b><\/h5>\n<p class=\"p2\">Di norma non trasferiamo i tuoi dati al di fuori dell\u2019Unione Europea. Qualora ci\u00f2 dovesse accadere, ci assicuriamo che il destinatario rispetti le disposizioni di cui al Regolamento ivi comprese le norme specificamente dettate per il trasferimento dei dati personali verso paesi terzi. In particolare, garantiamo che detti trasferimenti avvengano sulla base di una decisione di adeguatezza o della sottoscrizione da parte del responsabile di clausole contrattuali tipo di protezione dei dati approvate dalla Commissione Europea.<\/p>\n<h5 class=\"p2\"><b>8. Per quanto tempo conserviamo i tuoi dati?<\/b><\/h5>\n<p class=\"p2\">Conserviamo i tuoi dati solo per il tempo necessario ad eseguire il trattamento per le finalit\u00e0 sopra menzionate. In particolare, riportiamo qui di seguito i principali periodi di utilizzo e conservazione dei tuoi dati personali con riferimento alle diverse finalit\u00e0 di trattamento:<\/p>\n<ul class=\"ul1\">\n<li class=\"li2\"><span class=\"s1\"><\/span>per l\u2019adempimento di obblighi di legge, i tuoi dati saranno trattati e conservati finch\u00e9 persista la necessit\u00e0 del trattamento per adempiere a detti obblighi di legge.<\/li>\n<\/ul>\n<h5 class=\"p2\"><b>9. Quali sono i tuoi diritti?<\/b><\/h5>\n<ul class=\"ul1\">\n<li class=\"li2\"><span class=\"s1\"><\/span>Diritto di accesso: hai il diritto di ottenere la conferma circa l\u2019esistenza o meno di un trattamento concernente i tuoi dati nonch\u00e9 il diritto di ricevere ogni informazione relativa al medesimo trattamento.<\/li>\n<li class=\"li2\"><span class=\"s1\"><\/span>Diritto alla rettifica: hai il diritto di ottenere la rettifica dei tuoi dati, qualora gli stessi siano incompleti o inesatti.<\/li>\n<li class=\"li2\"><span class=\"s1\"><\/span>Diritto alla cancellazione (c.d. \u201cdiritto all\u2019oblio\u201d): in talune circostanze, hai il diritto di ottenere la cancellazione dei tuoi dati presenti all\u2019interno dei nostri archivi qualora non rilevanti ai fini della prosecuzione del rapporto contrattuale o necessari per obbligo di legge.<\/li>\n<li class=\"li2\"><span class=\"s1\"><\/span>Diritto alla limitazione del trattamento: al verificarsi di talune condizioni, hai il diritto di ottenere la limitazione del trattamento, qualora non rilevante ai fini della prosecuzione del rapporto contrattuale o necessario per obbligo di legge.<\/li>\n<li class=\"li2\"><span class=\"s1\"><\/span>Diritto alla portabilit\u00e0: hai il diritto di ottenere il trasferimento dei tuoi dati in favore di un diverso titolare.<\/li>\n<li class=\"li2\"><span class=\"s1\"><\/span>Diritto di opposizione: hai il diritto di opporsi, in qualsiasi momento per motivi connessi alla sua situazione particolare, al trattamento dei dati che ti riguardano basati sulla condizione di liceit\u00e0 del legittimo interesse o dell\u2019esecuzione di un compito di interesse pubblico o dell\u2019esercizio di pubblici poteri, compresa la profilazione.<\/li>\n<li class=\"li2\"><span class=\"s1\"><\/span>Diritto di revoca del consenso: hai il diritto di revocare il consenso al trattamento dei tuoi dati in qualsiasi momento, restando ferma la liceit\u00e0 del trattamento basata sul consenso prima della revoca.<\/li>\n<\/ul>\n<p class=\"p2\">Le richieste di esercizio dei diritti privacy possono essere rivolte per iscritto direttamente all\u2019indirizzo mail <a href=\"mailto:info@jcstable.it\"><span class=\"s2\">info@jcstable.it<\/span><\/a><\/p>\n<p class=\"p2\">L\u2019esercizio dei tuoi diritti in qualit\u00e0 di interessato \u00e8 gratuito ai sensi dell\u2019articolo 12 del Regolamento.<\/p>\n<p class=\"p2\">In ogni caso hai sempre diritto di proporre reclamo all\u2019Autorit\u00e0 di Controllo competente (Garante per la Protezione dei Dati Personali), ai sensi dell\u2019art. 77 del Regolamento, qualora ritieni che il trattamento dei tuoi Dati Personali sia contrario alla normativa in vigore.<\/p>\n<h5 class=\"p2\"><b>10. Per quanto tempo si applica questa privacy policy?<\/b><\/h5>\n<p class=\"p2\">La presente privacy policy \u00e8 in vigore dal 25 maggio 2018. \u00a0Ci riserviamo di modificarne o semplicemente aggiornarne il contenuto, in parte o completamente, anche a causa di variazioni della normativa applicabile. Ti invita quindi a visitare con regolarit\u00e0 questa sezione per prendere cognizione della pi\u00f9 recente ed aggiornata versione della privacy policy in modo da essere sempre aggiornato sui dati raccolti e sull\u2019uso che ne facciamo.<\/p>\n<p>[\/et_pb_text][\/et_pb_column][\/et_pb_row][\/et_pb_section][et_pb_section fb_built=&#8221;1&#8243; fullwidth=&#8221;on&#8221; _builder_version=&#8221;4.16&#8243; _module_preset=&#8221;default&#8221; global_colors_info=&#8221;{}&#8221;][et_pb_fullwidth_header title=&#8221;j.C. Stable&#8221; subhead=&#8221;Dietro ogni cane ben allevato c&#8217;\u00e8 un devoto allevatore che vi riversa la sua anima&#8221; text_orientation=&#8221;center&#8221; button_one_text=&#8221;scopri di pi\u00f9&#8221; button_one_url=&#8221;https:\/\/jcstable.it\/index.php\/chi-siamo\/&#8221; content_max_width=&#8221;60%&#8221; _builder_version=&#8221;4.16&#8243; _module_preset=&#8221;default&#8221; title_font=&#8221;|||on|||||&#8221; title_text_color=&#8221;#F6FBFB&#8221; title_font_size=&#8221;50px&#8221; subhead_font=&#8221;|700|||||||&#8221; subhead_font_size=&#8221;25px&#8221; background_color=&#8221;RGBA(255,255,255,0)&#8221; use_background_color_gradient=&#8221;on&#8221; background_color_gradient_direction=&#8221;156deg&#8221; background_color_gradient_stops=&#8221;rgba(224,176,175,0.5) 0%|rgba(184,127,116,0.3) 100%&#8221; background_color_gradient_start=&#8221;rgba(224,176,175,0.5)&#8221; background_color_gradient_end=&#8221;rgba(184,127,116,0.3)&#8221; background_image=&#8221;https:\/\/jcstable.it\/wp-content\/uploads\/2022\/04\/MG_9295-16-9-scaled.jpg&#8221; parallax=&#8221;on&#8221; parallax_method=&#8221;on&#8221; background_blend=&#8221;lighten&#8221; global_colors_info=&#8221;{}&#8221;][\/et_pb_fullwidth_header][\/et_pb_section]<\/p>\n","protected":false},"excerpt":{"rendered":"<p>Informativa privacy\u00a0 Questo documento \u00e8 stato redatto ai sensi dell\u2019art. 13 del Regolamento UE 2016\/679 (di seguito: \u201cRegolamento\u201c) al fine di permetterti di conoscere la nostra politica sulla privacy, per capire come le tue informazioni personali vengono gestite quando utilizzi il nostro sito (di seguito \u201cSito\u201c) e, ove necessario, di prestare un consenso al trattamento [&hellip;]<\/p>\n","protected":false},"author":1,"featured_media":0,"parent":0,"menu_order":0,"comment_status":"closed","ping_status":"open","template":"","meta":{"_et_pb_use_builder":"on","_et_pb_old_content":"<!-- wp:heading -->\n<h2>Who we are<\/h2>\n<!-- \/wp:heading -->\n\n<!-- wp:paragraph -->\n<p><strong class=\"privacy-policy-tutorial\">Suggested text: <\/strong>Our website address is: https:\/\/jcstable.it.<\/p>\n<!-- \/wp:paragraph -->\n\n<!-- wp:heading -->\n<h2>Comments<\/h2>\n<!-- \/wp:heading -->\n\n<!-- wp:paragraph -->\n<p><strong class=\"privacy-policy-tutorial\">Suggested text: <\/strong>When visitors leave comments on the site we collect the data shown in the comments form, and also the visitor\u2019s IP address and browser user agent string to help spam detection.<\/p>\n<!-- \/wp:paragraph -->\n\n<!-- wp:paragraph -->\n<p>An anonymized string created from your email address (also called a hash) may be provided to the Gravatar service to see if you are using it. The Gravatar service privacy policy is available here: https:\/\/automattic.com\/privacy\/. After approval of your comment, your profile picture is visible to the public in the context of your comment.<\/p>\n<!-- \/wp:paragraph -->\n\n<!-- wp:heading -->\n<h2>Media<\/h2>\n<!-- \/wp:heading -->\n\n<!-- wp:paragraph -->\n<p><strong class=\"privacy-policy-tutorial\">Suggested text: <\/strong>If you upload images to the website, you should avoid uploading images with embedded location data (EXIF GPS) included. Visitors to the website can download and extract any location data from images on the website.<\/p>\n<!-- \/wp:paragraph -->\n\n<!-- wp:heading -->\n<h2>Cookies<\/h2>\n<!-- \/wp:heading -->\n\n<!-- wp:paragraph -->\n<p><strong class=\"privacy-policy-tutorial\">Suggested text: <\/strong>If you leave a comment on our site you may opt-in to saving your name, email address and website in cookies. These are for your convenience so that you do not have to fill in your details again when you leave another comment. These cookies will last for one year.<\/p>\n<!-- \/wp:paragraph -->\n\n<!-- wp:paragraph -->\n<p>If you visit our login page, we will set a temporary cookie to determine if your browser accepts cookies. This cookie contains no personal data and is discarded when you close your browser.<\/p>\n<!-- \/wp:paragraph -->\n\n<!-- wp:paragraph -->\n<p>When you log in, we will also set up several cookies to save your login information and your screen display choices. Login cookies last for two days, and screen options cookies last for a year. If you select \"Remember Me\", your login will persist for two weeks. If you log out of your account, the login cookies will be removed.<\/p>\n<!-- \/wp:paragraph -->\n\n<!-- wp:paragraph -->\n<p>If you edit or publish an article, an additional cookie will be saved in your browser. This cookie includes no personal data and simply indicates the post ID of the article you just edited. It expires after 1 day.<\/p>\n<!-- \/wp:paragraph -->\n\n<!-- wp:heading -->\n<h2>Embedded content from other websites<\/h2>\n<!-- \/wp:heading -->\n\n<!-- wp:paragraph -->\n<p><strong class=\"privacy-policy-tutorial\">Suggested text: <\/strong>Articles on this site may include embedded content (e.g. videos, images, articles, etc.). Embedded content from other websites behaves in the exact same way as if the visitor has visited the other website.<\/p>\n<!-- \/wp:paragraph -->\n\n<!-- wp:paragraph -->\n<p>These websites may collect data about you, use cookies, embed additional third-party tracking, and monitor your interaction with that embedded content, including tracking your interaction with the embedded content if you have an account and are logged in to that website.<\/p>\n<!-- \/wp:paragraph -->\n\n<!-- wp:heading -->\n<h2>Who we share your data with<\/h2>\n<!-- \/wp:heading -->\n\n<!-- wp:paragraph -->\n<p><strong class=\"privacy-policy-tutorial\">Suggested text: <\/strong>If you request a password reset, your IP address will be included in the reset email.<\/p>\n<!-- \/wp:paragraph -->\n\n<!-- wp:heading -->\n<h2>How long we retain your data<\/h2>\n<!-- \/wp:heading -->\n\n<!-- wp:paragraph -->\n<p><strong class=\"privacy-policy-tutorial\">Suggested text: <\/strong>If you leave a comment, the comment and its metadata are retained indefinitely. This is so we can recognize and approve any follow-up comments automatically instead of holding them in a moderation queue.<\/p>\n<!-- \/wp:paragraph -->\n\n<!-- wp:paragraph -->\n<p>For users that register on our website (if any), we also store the personal information they provide in their user profile. All users can see, edit, or delete their personal information at any time (except they cannot change their username). Website administrators can also see and edit that information.<\/p>\n<!-- \/wp:paragraph -->\n\n<!-- wp:heading -->\n<h2>What rights you have over your data<\/h2>\n<!-- \/wp:heading -->\n\n<!-- wp:paragraph -->\n<p><strong class=\"privacy-policy-tutorial\">Suggested text: <\/strong>If you have an account on this site, or have left comments, you can request to receive an exported file of the personal data we hold about you, including any data you have provided to us. You can also request that we erase any personal data we hold about you. This does not include any data we are obliged to keep for administrative, legal, or security purposes.<\/p>\n<!-- \/wp:paragraph -->\n\n<!-- wp:heading -->\n<h2>Where we send your data<\/h2>\n<!-- \/wp:heading -->\n\n<!-- wp:paragraph -->\n<p><strong class=\"privacy-policy-tutorial\">Suggested text: <\/strong>Visitor comments may be checked through an automated spam detection service.<\/p>\n<!-- \/wp:paragraph -->","_et_gb_content_width":"","footnotes":""},"class_list":["post-3","page","type-page","status-publish","hentry"],"_links":{"self":[{"href":"https:\/\/jcstable.it\/index.php\/wp-json\/wp\/v2\/pages\/3","targetHints":{"allow":["GET"]}}],"collection":[{"href":"https:\/\/jcstable.it\/index.php\/wp-json\/wp\/v2\/pages"}],"about":[{"href":"https:\/\/jcstable.it\/index.php\/wp-json\/wp\/v2\/types\/page"}],"author":[{"embeddable":true,"href":"https:\/\/jcstable.it\/index.php\/wp-json\/wp\/v2\/users\/1"}],"replies":[{"embeddable":true,"href":"https:\/\/jcstable.it\/index.php\/wp-json\/wp\/v2\/comments?post=3"}],"version-history":[{"count":10,"href":"https:\/\/jcstable.it\/index.php\/wp-json\/wp\/v2\/pages\/3\/revisions"}],"predecessor-version":[{"id":325,"href":"https:\/\/jcstable.it\/index.php\/wp-json\/wp\/v2\/pages\/3\/revisions\/325"}],"wp:attachment":[{"href":"https:\/\/jcstable.it\/index.php\/wp-json\/wp\/v2\/media?parent=3"}],"curies":[{"name":"wp","href":"https:\/\/api.w.org\/{rel}","templated":true}]}}