{"id":176,"date":"2022-09-15T14:09:23","date_gmt":"2022-09-15T14:09:23","guid":{"rendered":"https:\/\/jcstable.it\/?page_id=176"},"modified":"2023-01-29T19:42:24","modified_gmt":"2023-01-29T19:42:24","slug":"servizi","status":"publish","type":"page","link":"https:\/\/jcstable.it\/index.php\/servizi\/","title":{"rendered":"Servizi"},"content":{"rendered":"<p>[et_pb_section fb_built=&#8221;1&#8243; fullwidth=&#8221;on&#8221; next_background_color=&#8221;#ffffff&#8221; admin_label=&#8221;Header Section&#8221; _builder_version=&#8221;4.16&#8243; background_color=&#8221;#4D5353&#8243; bottom_divider_style=&#8221;ramp&#8221; bottom_divider_flip=&#8221;horizontal&#8221; global_colors_info=&#8221;{}&#8221;][et_pb_fullwidth_header title=&#8221;servizi&#8221; text_orientation=&#8221;center&#8221; content_max_width=&#8221;50%&#8221; admin_label=&#8221;Intestazione a Larghezza Piena&#8221; _builder_version=&#8221;4.16&#8243; title_font=&#8221;|||on|||||&#8221; title_text_color=&#8221;#F6FBFB&#8221; content_text_color=&#8221;#F6FBFB&#8221; content_font_size=&#8221;18px&#8221; subhead_font=&#8221;Oswald|800||on|||||&#8221; subhead_text_color=&#8221;#F6FBFB&#8221; subhead_font_size=&#8221;50px&#8221; subhead_line_height=&#8221;1.5em&#8221; background_color=&#8221;#0A0606&#8243; background_image=&#8221;https:\/\/jcstable.it\/wp-content\/uploads\/2022\/09\/slide_servizi.jpg&#8221; parallax=&#8221;on&#8221; parallax_method=&#8221;on&#8221; custom_margin=&#8221;|||&#8221; custom_padding=&#8221;4vw||4vw||true|false&#8221; animation_style=&#8221;zoom&#8221; animation_duration=&#8221;2000ms&#8221; animation_intensity_zoom=&#8221;4%&#8221; content_font_size_tablet=&#8221;18px&#8221; content_font_size_phone=&#8221;18px&#8221; content_font_size_last_edited=&#8221;on|phone&#8221; subhead_font_size_tablet=&#8221;50px&#8221; subhead_font_size_phone=&#8221;50px&#8221; subhead_font_size_last_edited=&#8221;on|desktop&#8221; button_one_border_radius_hover=&#8221;100px&#8221; button_one_bg_color_hover=&#8221;#cc8d66&#8243; button_two_bg_color_hover=&#8221;#d29f68&#8243; global_colors_info=&#8221;{}&#8221; button_one_text_size__hover_enabled=&#8221;off&#8221; button_two_text_size__hover_enabled=&#8221;off&#8221; button_one_text_color__hover_enabled=&#8221;off&#8221; button_two_text_color__hover_enabled=&#8221;off&#8221; button_one_border_width__hover_enabled=&#8221;off&#8221; button_two_border_width__hover_enabled=&#8221;off&#8221; button_one_border_color__hover_enabled=&#8221;off&#8221; button_two_border_color__hover_enabled=&#8221;off&#8221; button_one_border_radius__hover_enabled=&#8221;on&#8221; button_one_border_radius__hover=&#8221;100px&#8221; button_two_border_radius__hover_enabled=&#8221;off&#8221; button_one_letter_spacing__hover_enabled=&#8221;off&#8221; button_two_letter_spacing__hover_enabled=&#8221;off&#8221; button_one_bg_color__hover_enabled=&#8221;on&#8221; button_one_bg_color__hover=&#8221;#cc8d66&#8243; button_two_bg_color__hover_enabled=&#8221;on&#8221; button_two_bg_color__hover=&#8221;#d29f68&#8243;]<\/p>\n<p>&nbsp;<\/p>\n<p>&nbsp;<\/p>\n<p>[\/et_pb_fullwidth_header][\/et_pb_section][et_pb_section fb_built=&#8221;1&#8243; admin_label=&#8221;About Section&#8221; _builder_version=&#8221;4.16&#8243; background_color=&#8221;#ffffff&#8221; custom_padding=&#8221;80px|0px|80px|0px|true|false&#8221; top_divider_color=&#8221;#4D5353&#8243; bottom_divider_style=&#8221;ramp&#8221; bottom_divider_color=&#8221;#4D5353&#8243; global_colors_info=&#8221;{}&#8221;][et_pb_row column_structure=&#8221;1_2,1_2&#8243; _builder_version=&#8221;4.16&#8243; global_colors_info=&#8221;{}&#8221;][et_pb_column type=&#8221;1_2&#8243; _builder_version=&#8221;4.16&#8243; custom_padding=&#8221;|||&#8221; global_colors_info=&#8221;{}&#8221; custom_padding__hover=&#8221;|||&#8221;][et_pb_icon font_icon=&#8221;&#xf1b0;||fa||900&#8243; icon_color=&#8221;#E0B0AF&#8221; icon_width=&#8221;70px&#8221; align=&#8221;left&#8221; _builder_version=&#8221;4.16&#8243; _module_preset=&#8221;default&#8221; global_colors_info=&#8221;{}&#8221;][\/et_pb_icon][et_pb_text _builder_version=&#8221;4.16&#8243; text_font_size=&#8221;18px&#8221; link_font=&#8221;||||||||&#8221; ul_font=&#8221;||||||||&#8221; ol_font=&#8221;||||||||&#8221; quote_font=&#8221;||||||||&#8221; header_font=&#8221;||||||||&#8221; header_2_font=&#8221;||||||||&#8221; header_3_font=&#8221;Oswald|||on|||||&#8221; header_3_letter_spacing=&#8221;5px&#8221; header_4_font=&#8221;||||||||&#8221; max_width=&#8221;600px&#8221; text_line_height_last_edited=&#8221;off|desktop&#8221; global_colors_info=&#8221;{}&#8221;]<\/p>\n<h3>ALLEVAMENTO<\/h3>\n<p>Il nostro allevamento gode di circa 8000<span>mq<\/span> di verde e la nostra abitazione si trova all\u2019interno di questi spazi. Questo perch\u00e9 viviamo a stretto contatto con i nostri cani, considerandoli a tutti gli effetti veri e propri membri della famiglia.<\/p>\n<p>Il nostro lavoro si basa sulla riproduzione di soggetti sani, caratterialmente solidi e morfologicamente corretti, affinch\u00e9 possano rispecchiare pi\u00f9 fedelmente possibile le caratteristiche di razza.<\/p>\n<p>[\/et_pb_text][\/et_pb_column][et_pb_column type=&#8221;1_2&#8243; _builder_version=&#8221;4.16&#8243; custom_padding=&#8221;|||&#8221; global_colors_info=&#8221;{}&#8221; custom_padding__hover=&#8221;|||&#8221;][et_pb_image src=&#8221;https:\/\/jcstable.it\/wp-content\/uploads\/2022\/09\/servizi_allevamento.jpg&#8221; title_text=&#8221;servizi_allevamento&#8221; align=&#8221;center&#8221; force_fullwidth=&#8221;on&#8221; _builder_version=&#8221;4.16&#8243; _module_preset=&#8221;default&#8221; background_color=&#8221;RGBA(255,255,255,0)&#8221; border_radii=&#8221;on|8px|8px|8px|8px&#8221; box_shadow_style=&#8221;preset3&#8243; box_shadow_vertical=&#8221;40px&#8221; box_shadow_blur=&#8221;56px&#8221; box_shadow_spread=&#8221;-35px&#8221; box_shadow_color=&#8221;#4D6160&#8243; global_colors_info=&#8221;{}&#8221;][\/et_pb_image][\/et_pb_column][\/et_pb_row][\/et_pb_section][et_pb_section fb_built=&#8221;1&#8243; admin_label=&#8221;About Section&#8221; _builder_version=&#8221;4.16&#8243; background_color=&#8221;#4D5353&#8243; custom_padding=&#8221;80px|0px|80px|0px|true|false&#8221; top_divider_color=&#8221;#4D5353&#8243; bottom_divider_style=&#8221;ramp&#8221; bottom_divider_color=&#8221;#FFFFFF&#8221; bottom_divider_flip=&#8221;horizontal&#8221; global_colors_info=&#8221;{}&#8221;][et_pb_row column_structure=&#8221;1_2,1_2&#8243; admin_label=&#8221;Riga&#8221; _builder_version=&#8221;4.16&#8243; global_colors_info=&#8221;{}&#8221;][et_pb_column type=&#8221;1_2&#8243; admin_label=&#8221;Colonna&#8221; _builder_version=&#8221;4.16&#8243; custom_padding=&#8221;|||&#8221; global_colors_info=&#8221;{}&#8221; custom_padding__hover=&#8221;|||&#8221;][et_pb_icon font_icon=&#8221;&#xf5d7;||fa||900&#8243; icon_color=&#8221;#B87F74&#8243; icon_width=&#8221;70px&#8221; align=&#8221;left&#8221; admin_label=&#8221;Icon&#8221; _builder_version=&#8221;4.16&#8243; _module_preset=&#8221;default&#8221; global_colors_info=&#8221;{}&#8221;][\/et_pb_icon][et_pb_text _builder_version=&#8221;4.16&#8243; text_text_color=&#8221;#FFFFFF&#8221; text_font_size=&#8221;18px&#8221; link_font=&#8221;||||||||&#8221; ul_font=&#8221;||||||||&#8221; ol_font=&#8221;||||||||&#8221; quote_font=&#8221;||||||||&#8221; header_font=&#8221;||||||||&#8221; header_2_font=&#8221;||||||||&#8221; header_3_font=&#8221;Oswald|||on|||||&#8221; header_3_letter_spacing=&#8221;5px&#8221; header_4_font=&#8221;||||||||&#8221; max_width=&#8221;600px&#8221; text_line_height_last_edited=&#8221;off|desktop&#8221; global_colors_info=&#8221;{}&#8221;]<\/p>\n<h3><span style=\"color: #f6fbfb;\">ADDESTRAMENTO<\/span><\/h3>\n<p>I nostri cuccioli seguono un programma di gestione adattato alla razza, basato sui loro periodi sensibili. Nulla \u00e8 lasciato al caso. \u00c8 un programma complesso, stancante ma soddisfacente. Inizia con la preparazione atletica della fattrice e attraversa tutte le fasi di crescita del cucciolo fino a terminare con la base di un addestramento classico. I nostri cuccioli nascono e crescono in un ambiente familiare dotato di ogni comfort, riscaldato per l\u2019inverno e climatizzato in estate. Le nostre fattrici non vengono MAI separate dai cuccioli, loro amano stare con la prole e i cuccioli allo stesso tempo apprendono lezioni importanti. Tutto questo \u00e8 indispensabile per un corretto sviluppo psico-fisico.<\/p>\n<p>Nel loro percorso impareranno a conoscere il trasportino, l\u2019auto, conosceranno persone di ogni et\u00e0, impareranno a non avere paura dei rumori improvvisi come i temporali e i fuochi d\u2019artificio, sapranno cosa significa farsi toelettare e impareranno ad apprezzare l\u2019acqua. Conosceranno le passeggiate al guinzaglio e il richiamo con il proprio nome. Assaggeranno diverse consistenze di cibo, nuovi sapori e impareranno ad usare il naso. Questo lavoro \u00e8 studiato sul singolo cucciolo proprio perch\u00e9 ci impegniamo moltissimo affinch\u00e9 i nostri cani abbiano una vita serena. Ci piace soprattutto pensare che un cucciolo cresciuto con questo metodo possa rendere felice la nuova famiglia che sar\u00e0 pronta ad accoglierlo.<\/p>\n<p>[\/et_pb_text][\/et_pb_column][et_pb_column type=&#8221;1_2&#8243; _builder_version=&#8221;4.16&#8243; custom_padding=&#8221;|||&#8221; global_colors_info=&#8221;{}&#8221; custom_padding__hover=&#8221;|||&#8221;][et_pb_image src=&#8221;https:\/\/jcstable.it\/wp-content\/uploads\/2022\/09\/servizi_addestramento_2.jpg&#8221; title_text=&#8221;servizi_addestramento_2&#8243; align=&#8221;center&#8221; force_fullwidth=&#8221;on&#8221; _builder_version=&#8221;4.16&#8243; _module_preset=&#8221;default&#8221; background_color=&#8221;RGBA(255,255,255,0)&#8221; border_radii=&#8221;on|8px|8px|8px|8px&#8221; box_shadow_style=&#8221;preset3&#8243; box_shadow_vertical=&#8221;40px&#8221; box_shadow_blur=&#8221;56px&#8221; box_shadow_spread=&#8221;-35px&#8221; box_shadow_color=&#8221;#99ADAB&#8221; global_colors_info=&#8221;{}&#8221;][\/et_pb_image][\/et_pb_column][\/et_pb_row][\/et_pb_section][et_pb_section fb_built=&#8221;1&#8243; admin_label=&#8221;About Section&#8221; _builder_version=&#8221;4.16&#8243; background_color=&#8221;#ffffff&#8221; custom_padding=&#8221;80px|0px|80px|0px|true|false&#8221; top_divider_color=&#8221;#4D5353&#8243; bottom_divider_style=&#8221;ramp&#8221; bottom_divider_color=&#8221;#4D5353&#8243; global_colors_info=&#8221;{}&#8221;][et_pb_row column_structure=&#8221;1_2,1_2&#8243; _builder_version=&#8221;4.16&#8243; global_colors_info=&#8221;{}&#8221;][et_pb_column type=&#8221;1_2&#8243; _builder_version=&#8221;4.16&#8243; custom_padding=&#8221;|||&#8221; global_colors_info=&#8221;{}&#8221; custom_padding__hover=&#8221;|||&#8221;][et_pb_icon font_icon=&#8221;&#xe08b;||divi||400&#8243; icon_color=&#8221;#E0B0AF&#8221; icon_width=&#8221;70px&#8221; align=&#8221;left&#8221; _builder_version=&#8221;4.16&#8243; _module_preset=&#8221;default&#8221; global_colors_info=&#8221;{}&#8221;][\/et_pb_icon][et_pb_text _builder_version=&#8221;4.16&#8243; text_font_size=&#8221;18px&#8221; link_font=&#8221;||||||||&#8221; ul_font=&#8221;||||||||&#8221; ol_font=&#8221;||||||||&#8221; quote_font=&#8221;||||||||&#8221; header_font=&#8221;||||||||&#8221; header_2_font=&#8221;||||||||&#8221; header_3_font=&#8221;Oswald|||on|||||&#8221; header_3_letter_spacing=&#8221;5px&#8221; header_4_font=&#8221;||||||||&#8221; max_width=&#8221;600px&#8221; text_line_height_last_edited=&#8221;off|desktop&#8221; global_colors_info=&#8221;{}&#8221;]<\/p>\n<h3>affiancamento<\/h3>\n<p>Il nostro impegno come allevatori non ha scadenza, ci sforziamo di offrire supporto ed esperienze qualora se ne presenti l\u2019occasione. In questi anni abbiamo e continuiamo a lavorare con veri professionisti del settore. Di seguito le nostre collaborazioni:<\/p>\n<p>Educatori:<\/p>\n<ul>\n<li>Leonessa d\u2019Italia di Fabiana Belloni;<\/li>\n<li>Passion for Dog di Umberto Guerini;<\/li>\n<li>La Tana dei Lupi;<\/li>\n<li>R.E.M. Di Irma Bertolini (Jessica Biasini);<\/li>\n<li>Mauro Passarelli.<\/li>\n<\/ul>\n<p>Attrezzature per cani sportivi:<\/p>\n<ul>\n<li>Roberto Romeo.<\/li>\n<\/ul>\n<p>\u00a0Fotografia:<\/p>\n<ul>\n<li>Giuseppe Sgandurra ( Comixart).<\/li>\n<\/ul>\n<p>[\/et_pb_text][\/et_pb_column][et_pb_column type=&#8221;1_2&#8243; _builder_version=&#8221;4.16&#8243; custom_padding=&#8221;|||&#8221; global_colors_info=&#8221;{}&#8221; custom_padding__hover=&#8221;|||&#8221;][et_pb_image src=&#8221;https:\/\/jcstable.it\/wp-content\/uploads\/2022\/09\/servizi_addestramento.jpg&#8221; title_text=&#8221;servizi_addestramento&#8221; align=&#8221;center&#8221; force_fullwidth=&#8221;on&#8221; _builder_version=&#8221;4.16&#8243; _module_preset=&#8221;default&#8221; background_color=&#8221;RGBA(255,255,255,0)&#8221; border_radii=&#8221;on|8px|8px|8px|8px&#8221; box_shadow_style=&#8221;preset3&#8243; box_shadow_vertical=&#8221;40px&#8221; box_shadow_blur=&#8221;56px&#8221; box_shadow_spread=&#8221;-35px&#8221; box_shadow_color=&#8221;#4D6160&#8243; global_colors_info=&#8221;{}&#8221;][\/et_pb_image][\/et_pb_column][\/et_pb_row][\/et_pb_section][et_pb_section fb_built=&#8221;1&#8243; admin_label=&#8221;About Section&#8221; _builder_version=&#8221;4.16&#8243; background_color=&#8221;#4D5353&#8243; custom_padding=&#8221;80px|0px|80px|0px|true|false&#8221; top_divider_color=&#8221;#4D5353&#8243; bottom_divider_color=&#8221;#FFFFFF&#8221; bottom_divider_flip=&#8221;horizontal&#8221; global_colors_info=&#8221;{}&#8221;][et_pb_row column_structure=&#8221;1_2,1_2&#8243; admin_label=&#8221;Riga&#8221; _builder_version=&#8221;4.16&#8243; custom_margin=&#8221;||||false|false&#8221; global_colors_info=&#8221;{}&#8221;][et_pb_column type=&#8221;1_2&#8243; admin_label=&#8221;Colonna&#8221; _builder_version=&#8221;4.16&#8243; custom_padding=&#8221;|||&#8221; global_colors_info=&#8221;{}&#8221; custom_padding__hover=&#8221;|||&#8221;][et_pb_icon font_icon=&#8221;&#xf0a3;||fa||900&#8243; icon_color=&#8221;#B87F74&#8243; icon_width=&#8221;70px&#8221; align=&#8221;left&#8221; admin_label=&#8221;Icon&#8221; _builder_version=&#8221;4.16&#8243; _module_preset=&#8221;default&#8221; global_colors_info=&#8221;{}&#8221;][\/et_pb_icon][et_pb_text _builder_version=&#8221;4.16&#8243; text_text_color=&#8221;#FFFFFF&#8221; text_font_size=&#8221;18px&#8221; link_font=&#8221;||||||||&#8221; ul_font=&#8221;||||||||&#8221; ol_font=&#8221;||||||||&#8221; quote_font=&#8221;||||||||&#8221; header_font=&#8221;||||||||&#8221; header_2_font=&#8221;||||||||&#8221; header_3_font=&#8221;Oswald|||on|||||&#8221; header_3_letter_spacing=&#8221;5px&#8221; header_4_font=&#8221;||||||||&#8221; max_width=&#8221;600px&#8221; text_line_height_last_edited=&#8221;off|desktop&#8221; global_colors_info=&#8221;{}&#8221;]<\/p>\n<h3><span style=\"color: #f6fbfb;\">certificazioni<\/span><\/h3>\n<p>Lo J.C.Stable \u00e8 l\u2019unico allevamento di American Pit Bull Terrier ad avere conseguito l\u2019importante certificazione &#8220;LeoPuppy Program&#8221;, inoltre siamo anche gli unici allevatori certificati nell\u2019 insegnare il metodo di gestione della cucciolata ideato dall\u2019educatrice e allevatrice Belloni Fabiana.<\/p>\n<p>[\/et_pb_text][\/et_pb_column][et_pb_column type=&#8221;1_2&#8243; _builder_version=&#8221;4.16&#8243; custom_padding=&#8221;|||&#8221; global_colors_info=&#8221;{}&#8221; custom_padding__hover=&#8221;|||&#8221;][et_pb_image src=&#8221;https:\/\/jcstable.it\/wp-content\/uploads\/2022\/09\/servizi_affiancamento.jpg&#8221; title_text=&#8221;servizi_affiancamento&#8221; align=&#8221;center&#8221; force_fullwidth=&#8221;on&#8221; _builder_version=&#8221;4.16&#8243; _module_preset=&#8221;default&#8221; background_color=&#8221;RGBA(255,255,255,0)&#8221; border_radii=&#8221;on|8px|8px|8px|8px&#8221; box_shadow_style=&#8221;preset3&#8243; box_shadow_vertical=&#8221;40px&#8221; box_shadow_blur=&#8221;56px&#8221; box_shadow_spread=&#8221;-35px&#8221; box_shadow_color=&#8221;#99ADAB&#8221; global_colors_info=&#8221;{}&#8221;][\/et_pb_image][\/et_pb_column][\/et_pb_row][\/et_pb_section][et_pb_section fb_built=&#8221;1&#8243; fullwidth=&#8221;on&#8221; _builder_version=&#8221;4.16&#8243; _module_preset=&#8221;default&#8221; global_colors_info=&#8221;{}&#8221;][et_pb_fullwidth_header title=&#8221;j.C. Stable&#8221; subhead=&#8221;Dietro ogni cane ben allevato c&#8217;\u00e8 un devoto allevatore che vi riversa la sua anima&#8221; text_orientation=&#8221;center&#8221; button_one_text=&#8221;scopri di pi\u00f9&#8221; button_one_url=&#8221;https:\/\/jcstable.it\/index.php\/chi-siamo\/&#8221; content_max_width=&#8221;60%&#8221; _builder_version=&#8221;4.16&#8243; _module_preset=&#8221;default&#8221; title_font=&#8221;|||on|||||&#8221; title_text_color=&#8221;#F6FBFB&#8221; title_font_size=&#8221;50px&#8221; subhead_font=&#8221;|700|||||||&#8221; subhead_font_size=&#8221;25px&#8221; background_color=&#8221;RGBA(255,255,255,0)&#8221; use_background_color_gradient=&#8221;on&#8221; background_color_gradient_direction=&#8221;156deg&#8221; background_color_gradient_stops=&#8221;rgba(224,176,175,0.5) 0%|rgba(184,127,116,0.3) 100%&#8221; background_color_gradient_start=&#8221;rgba(224,176,175,0.5)&#8221; background_color_gradient_end=&#8221;rgba(184,127,116,0.3)&#8221; background_image=&#8221;https:\/\/jcstable.it\/wp-content\/uploads\/2022\/04\/MG_9295-16-9-scaled.jpg&#8221; parallax=&#8221;on&#8221; parallax_method=&#8221;on&#8221; background_blend=&#8221;lighten&#8221; global_colors_info=&#8221;{}&#8221;][\/et_pb_fullwidth_header][\/et_pb_section]<\/p>\n","protected":false},"excerpt":{"rendered":"<p>&nbsp; &nbsp;ALLEVAMENTO Il nostro allevamento gode di circa 8000mq di verde e la nostra abitazione si trova all\u2019interno di questi spazi. Questo perch\u00e9 viviamo a stretto contatto con i nostri cani, considerandoli a tutti gli effetti veri e propri membri della famiglia. Il nostro lavoro si basa sulla riproduzione di soggetti sani, caratterialmente solidi e [&hellip;]<\/p>\n","protected":false},"author":1,"featured_media":0,"parent":0,"menu_order":0,"comment_status":"closed","ping_status":"closed","template":"","meta":{"_et_pb_use_builder":"on","_et_pb_old_content":"","_et_gb_content_width":"","footnotes":""},"class_list":["post-176","page","type-page","status-publish","hentry"],"_links":{"self":[{"href":"https:\/\/jcstable.it\/index.php\/wp-json\/wp\/v2\/pages\/176","targetHints":{"allow":["GET"]}}],"collection":[{"href":"https:\/\/jcstable.it\/index.php\/wp-json\/wp\/v2\/pages"}],"about":[{"href":"https:\/\/jcstable.it\/index.php\/wp-json\/wp\/v2\/types\/page"}],"author":[{"embeddable":true,"href":"https:\/\/jcstable.it\/index.php\/wp-json\/wp\/v2\/users\/1"}],"replies":[{"embeddable":true,"href":"https:\/\/jcstable.it\/index.php\/wp-json\/wp\/v2\/comments?post=176"}],"version-history":[{"count":14,"href":"https:\/\/jcstable.it\/index.php\/wp-json\/wp\/v2\/pages\/176\/revisions"}],"predecessor-version":[{"id":426,"href":"https:\/\/jcstable.it\/index.php\/wp-json\/wp\/v2\/pages\/176\/revisions\/426"}],"wp:attachment":[{"href":"https:\/\/jcstable.it\/index.php\/wp-json\/wp\/v2\/media?parent=176"}],"curies":[{"name":"wp","href":"https:\/\/api.w.org\/{rel}","templated":true}]}}